{"id":18,"date":"2014-10-26T19:45:14","date_gmt":"2014-10-26T17:45:14","guid":{"rendered":"http:\/\/dirkwachholz.de\/?page_id=18"},"modified":"2015-08-03T12:56:23","modified_gmt":"2015-08-03T10:56:23","slug":"shop","status":"publish","type":"page","link":"http:\/\/dirkwachholz.de\/?page_id=18","title":{"rendered":"Bildershop"},"content":{"rendered":"<p>Sie haben Bilder von mir gesehen, und interessieren sich vielleicht f\u00fcr einen Kauf? Vielleicht eine kleine Leinwand f\u00fcr das heimische Wohnzimmer? Oder ein Poster f\u00fcrs B\u00fcro? Kein Problem.\u00a0 Ich biete eine Auswahl meiner Bilder \u00fcber meinen Partner pictrs.com in meinem Shop unter <a title=\"Mein Shop\" href=\"https:\/\/shop.dirkwachholz.de\" target=\"_blank\">https:\/\/shop.dirkwachholz.de<\/a> an.<\/p>\n<p>F\u00fcr Sie als K\u00e4ufer hat diese L\u00f6sung gleich mehrere Vorteile. Sie m\u00fcssen sich in dem Job nicht extra registrieren. Sie w\u00e4hlen einfach Bild und Ausgabeformat sowieso St\u00fcckzahl aus, geben Ihre Anschrift und die gew\u00fcnschte Bezahlungsmethode an &#8211; und fertig. Je nach Artikel erhalten Sie die Bestellung innerhalb weniger Werktage direkt zur angegebenen Adresse.<\/p>\n<p>\u00dcbrigens: sollten Sie ein bestimmtes Motiv in meinem Shop vermissen &#8211; kontaktieren Sie mich einfach. Gerne pr\u00fcfe ich mein Archiv und erweitere das Angebot Ihren W\u00fcnschen entsprechend.<\/p>\n","protected":false},"excerpt":{"rendered":"<p>Sie haben Bilder von mir gesehen, und interessieren sich vielleicht f\u00fcr einen Kauf? Vielleicht eine kleine Leinwand f\u00fcr das heimische Wohnzimmer? Oder ein Poster f\u00fcrs B\u00fcro? Kein Problem.\u00a0 Ich biete eine Auswahl meiner Bilder \u00fcber meinen Partner pictrs.com in meinem Shop unter https:\/\/shop.dirkwachholz.de an. F\u00fcr Sie als K\u00e4ufer hat diese L\u00f6sung gleich mehrere Vorteile. Sie m\u00fcssen sich in dem Job nicht extra registrieren. Sie w\u00e4hlen einfach Bild und Ausgabeformat sowieso St\u00fcckzahl aus, geben Ihre Anschrift und die gew\u00fcnschte Bezahlungsmethode an &#8211; und fertig. Je nach Artikel erhalten Sie die Bestellung innerhalb weniger Werktage direkt zur angegebenen Adresse. \u00dcbrigens: sollten Sie ein bestimmtes Motiv in meinem Shop vermissen &#8211; kontaktieren Sie mich einfach. Gerne pr\u00fcfe ich mein Archiv und erweitere das Angebot Ihren W\u00fcnschen entsprechend.<\/p>\n","protected":false},"author":1,"featured_media":0,"parent":0,"menu_order":0,"comment_status":"open","ping_status":"open","template":"","meta":{"footnotes":""},"class_list":["post-18","page","type-page","status-publish","hentry"],"_links":{"self":[{"href":"http:\/\/dirkwachholz.de\/index.php?rest_route=\/wp\/v2\/pages\/18","targetHints":{"allow":["GET"]}}],"collection":[{"href":"http:\/\/dirkwachholz.de\/index.php?rest_route=\/wp\/v2\/pages"}],"about":[{"href":"http:\/\/dirkwachholz.de\/index.php?rest_route=\/wp\/v2\/types\/page"}],"author":[{"embeddable":true,"href":"http:\/\/dirkwachholz.de\/index.php?rest_route=\/wp\/v2\/users\/1"}],"replies":[{"embeddable":true,"href":"http:\/\/dirkwachholz.de\/index.php?rest_route=%2Fwp%2Fv2%2Fcomments&post=18"}],"version-history":[{"count":8,"href":"http:\/\/dirkwachholz.de\/index.php?rest_route=\/wp\/v2\/pages\/18\/revisions"}],"predecessor-version":[{"id":201,"href":"http:\/\/dirkwachholz.de\/index.php?rest_route=\/wp\/v2\/pages\/18\/revisions\/201"}],"wp:attachment":[{"href":"http:\/\/dirkwachholz.de\/index.php?rest_route=%2Fwp%2Fv2%2Fmedia&parent=18"}],"curies":[{"name":"wp","href":"https:\/\/api.w.org\/{rel}","templated":true}]}}