{"id":299,"date":"2015-08-16T16:54:39","date_gmt":"2015-08-16T14:54:39","guid":{"rendered":"http:\/\/dirkwachholz.de\/?page_id=299"},"modified":"2021-07-11T14:52:01","modified_gmt":"2021-07-11T12:52:01","slug":"preise","status":"publish","type":"page","link":"http:\/\/dirkwachholz.de\/?page_id=299","title":{"rendered":"Preise"},"content":{"rendered":"<p>Nachfolgend finden Sie meine aktuellen Preise f\u00fcr Standard-Leistungen. Sollten Sie eine Anfrage haben, die so nicht als Leistung in der Liste erfasst ist &#8211; kontaktieren Sie mich bitte einfach. Ich erstelle Ihnen gerne ein individuelles Angebot.<\/p>\n<p><strong>Bitte die Preisliste anklicken f\u00fcr eine vergr\u00f6\u00dferte Ansicht.<\/strong><\/p>\n<p><a href=\"preise.png\" target=\"_blank\" rel=\"noopener\"><img decoding=\"async\" class=\"aligncenter\" src=\"preise.png\" alt=\"\" width=\"920\" \/><\/a><\/p>\n<p>Als wichtigste Einschr\u00e4nkung bedenken Sie bitte Folgendes: <strong>ich bin (Stand Mai 2015) weder ausgebildeter noch Vollzeitfotograf, die Fotografie \u00fcbe ich als Nebengewerbe aus. <\/strong>Ich stehe Ihnen \u00fcblicherweise gerne an Werktagen von 18.00 bis 22.00 Uhr sowie Samstags, Sonntags und an Feiertagen von 10.00 bis 23.00 Uhr zu Verf\u00fcgung. Andere Zeiten versuche ich gerne individuell mit Ihnen zu vereinbaren.<\/p>\n<p>Hochzeitsfotografie, Partybegleitung und andere zeitintensive Auftr\u00e4ge werde ich gerne versuchen nach Ihren W\u00fcnschen umzusetzen. Wir sollten dies aber im Detail besprechen.<\/p>\n<p><strong>Zudem gelten \u2013 wenn NICHT anders mit dem Kunden vereinbart \u2013 folgende Einschr\u00e4nkungen:\u00a0\u00a0 \u00a0\u00a0\u00a0 \u00a0\u00a0\u00a0 \u00a0<\/strong><br \/>\n<span style=\"color: #ff0000;\">\u2013 keine \u00dcbergabe von RAW\/Originaldateien an den Kunden\u00a0\u00a0 \u00a0\u00a0\u00a0 \u00a0\u00a0\u00a0 \u00a0<\/span><br \/>\n<span style=\"color: #ff0000;\"> \u2013 \u00dcbergabe von Dateien\u00a0maximaler Gr\u00f6\u00dfe, JPG Dateityp, Formate 2:3, 4:3 und 16:9 je nach Bild, keine\u00a0Komprimierung\u00a0\u00a0 \u00a0\u00a0\u00a0 \u00a0\u00a0\u00a0 \u00a0<\/span><br \/>\n<span style=\"color: #ff0000;\"> \u2013 grobe Vorauswahl der Bilder durch den Fotografen vor der \u00dcbergabe im Ermessen des Fotografen\u00a0\u00a0 \u00a0\u00a0\u00a0 \u00a0\u00a0\u00a0 \u00a0<\/span><br \/>\n<span style=\"color: #ff0000;\"> \u2013 bevorzugte \u00dcbergabe: passwortgesch\u00fctzte Onlinegalerie (pictrs.com); alternative \u00dcbergabe: DVD, eigener USB Stick\u00a0\u00a0 \u00a0\u00a0\u00a0 \u00a0\u00a0\u00a0 \u00a0<\/span><br \/>\n<span style=\"color: #ff0000;\"> \u2013 Exklusivbilder (exklusives Nutzungsrecht) sind m\u00f6glich jedoch nur \u00fcber ein individuelles Angebot\u00a0\u00a0 \u00a0\u00a0\u00a0 \u00a0\u00a0\u00a0 \u00a0<\/span><br \/>\n<span style=\"color: #ff0000;\"> \u2013 Kinder bzw. nicht rechtskr\u00e4ftige Personen erfordern das Einverst\u00e4ndnis eines Elternteils bzw. berechtigten gesetzlichen Vertreters \u00a0\u00a0 \u00a0\u00a0\u00a0 \u00a0\u00a0\u00a0 \u00a0<\/span><br \/>\n<span style=\"color: #ff0000;\"> \u2013 Kinder und Teenagershootings nur in Begleitung eines Elternteils oder berechtigten gesetzlichen Vertreters\u00a0\u00a0 \u00a0\u00a0\u00a0 \u00a0\u00a0\u00a0 \u00a0<\/span><br \/>\n<span style=\"color: #ff0000;\"> \u2013 Preisnachlass m\u00f6glich, wenn ich Bilder in Ausz\u00fcgen zur Ver\u00f6ffentlichung verwenden darf\u00a0\u00a0 \u00a0\u00a0\u00a0 \u00a0\u00a0\u00a0 \u00a0<\/span><br \/>\n<span style=\"color: #ff0000;\"> \u2013 <strong>Mindestbearbeitungszeit nach Shooting: 10 Werktage<\/strong> (gr\u00f6\u00dfere Auftr\u00e4ge nach Vereinbarung). Freiwilliger Preisnachlass durch den Fotografen bei \u00dcberschreitung m\u00f6glich! \u00a0 \u00a0\u00a0\u00a0 \u00a0\u00a0\u00a0\u00a0 <\/span><br \/>\n<span style=\"color: #ff0000;\"> \u2013 Au\u00dfenaufnahmen bevorzugt, einfache Studioaufnahmen (Portraits, Bewerbungsbilder, Passbilder) m\u00f6glich (ohne umfangreiche Szenengestaltung!)\u00a0\u00a0 \u00a0\u00a0\u00a0 \u00a0\u00a0\u00a0 \u00a0<\/span><br \/>\n<span style=\"color: #ff0000;\"> \u2013 einfache Nachbearbeitung: im Ermessen des Fotografen, Z\u00e4hne aufhellen, grobe Hautunreinheiten entfernen, Aufhellen oder Abdunkeln, Farb und Kontrastanpassung \u00a0\u00a0 \u00a0\u00a0\u00a0 \u00a0\u00a0\u00a0 \u00a0<\/span><br \/>\n<span style=\"color: #ff0000;\"> \u2013 kein MakeUp Service, kein Garderobenservice!<\/span><\/p>\n<p><span style=\"color: #ff0000;\">\u2013 \u00fcbergebene Bilder d\u00fcrfen nur mit Genehmigung des Fotografen ver\u00f6ffentlicht oder ver\u00e4ndert werden! \u00dcblicherweise werden vom Fotografen Bilder mit dessen Logo f\u00fcr die Verwendung auf Facebook und Co \u00fcbergeben. Hier darf das Logo nicht entfernt werden.<br \/>\n<\/span><\/p>\n<p><strong>Die Preise beziehen sich \u2013 wenn nicht anders vereinbart \u2013 nur auf die \u00dcbergabe der digitalen Bilder!<\/strong><\/p>\n<p>Die Entwicklung Ihrer Bilder ist \u00fcber meinen Partner pictrs.com ebenfalls m\u00f6glich. Die Kosten sind abh\u00e4ngig vom Angebot f\u00fcr meine Dienstleistung.<\/p>\n<p><strong><span style=\"color: #ff0000;\">Bitte beachten Sie meine <a href=\"http:\/\/dirkwachholz.de\/?p=501\">Einschr\u00e4nkungen, g\u00fcltig seit 01.09.2016<\/a>. Danke.<\/span><\/strong><\/p>\n","protected":false},"excerpt":{"rendered":"<p>Nachfolgend finden Sie meine aktuellen Preise f\u00fcr Standard-Leistungen. Sollten Sie eine Anfrage haben, die so nicht als Leistung in der Liste erfasst ist &#8211; kontaktieren Sie mich bitte einfach. Ich erstelle Ihnen gerne ein individuelles Angebot. Bitte die Preisliste anklicken f\u00fcr eine vergr\u00f6\u00dferte Ansicht. Als wichtigste Einschr\u00e4nkung bedenken Sie bitte Folgendes: ich bin (Stand Mai 2015) weder ausgebildeter noch Vollzeitfotograf, die Fotografie \u00fcbe ich als Nebengewerbe aus. Ich stehe Ihnen \u00fcblicherweise gerne an Werktagen von 18.00 bis 22.00 Uhr sowie Samstags, Sonntags und an Feiertagen von 10.00 bis 23.00 Uhr zu Verf\u00fcgung. Andere Zeiten versuche ich gerne individuell mit Ihnen zu vereinbaren. Hochzeitsfotografie, Partybegleitung und andere zeitintensive Auftr\u00e4ge werde ich gerne versuchen nach Ihren W\u00fcnschen umzusetzen. Wir sollten dies aber im Detail besprechen. Zudem gelten \u2013 wenn NICHT anders mit dem Kunden vereinbart \u2013 folgende Einschr\u00e4nkungen:\u00a0\u00a0 \u00a0\u00a0\u00a0 \u00a0\u00a0\u00a0 \u00a0 \u2013 keine \u00dcbergabe von RAW\/Originaldateien an den Kunden\u00a0\u00a0 \u00a0\u00a0\u00a0 \u00a0\u00a0\u00a0 \u00a0 \u2013 \u00dcbergabe von Dateien\u00a0maximaler Gr\u00f6\u00dfe, JPG Dateityp, Formate 2:3, 4:3 und 16:9 je nach Bild, keine\u00a0Komprimierung\u00a0\u00a0 \u00a0\u00a0\u00a0 \u00a0\u00a0\u00a0 \u00a0 \u2013 grobe Vorauswahl der Bilder durch den Fotografen vor der \u00dcbergabe im Ermessen des Fotografen\u00a0\u00a0 \u00a0\u00a0\u00a0 \u00a0\u00a0\u00a0 \u00a0 \u2013 bevorzugte \u00dcbergabe: passwortgesch\u00fctzte Onlinegalerie (pictrs.com); alternative \u00dcbergabe: DVD, eigener USB Stick\u00a0\u00a0 \u00a0\u00a0\u00a0 \u00a0\u00a0\u00a0 \u00a0 \u2013 Exklusivbilder (exklusives Nutzungsrecht) sind m\u00f6glich jedoch nur \u00fcber ein individuelles Angebot\u00a0\u00a0 \u00a0\u00a0\u00a0 \u00a0\u00a0\u00a0 \u00a0 \u2013 Kinder bzw. nicht rechtskr\u00e4ftige Personen erfordern das Einverst\u00e4ndnis eines Elternteils bzw. berechtigten gesetzlichen Vertreters \u00a0\u00a0 \u00a0\u00a0\u00a0 \u00a0\u00a0\u00a0 \u00a0 \u2013 Kinder und Teenagershootings nur in Begleitung eines Elternteils oder berechtigten gesetzlichen Vertreters\u00a0\u00a0 \u00a0\u00a0\u00a0 \u00a0\u00a0\u00a0 \u00a0 \u2013 Preisnachlass m\u00f6glich, wenn ich Bilder in Ausz\u00fcgen zur Ver\u00f6ffentlichung verwenden darf\u00a0\u00a0 \u00a0\u00a0\u00a0 \u00a0\u00a0\u00a0 \u00a0 \u2013 Mindestbearbeitungszeit nach Shooting: 10 Werktage (gr\u00f6\u00dfere Auftr\u00e4ge nach Vereinbarung). Freiwilliger Preisnachlass durch den Fotografen bei \u00dcberschreitung m\u00f6glich! \u00a0 \u00a0\u00a0\u00a0 \u00a0\u00a0\u00a0\u00a0 \u2013 Au\u00dfenaufnahmen bevorzugt, einfache Studioaufnahmen (Portraits, Bewerbungsbilder, Passbilder) m\u00f6glich (ohne umfangreiche Szenengestaltung!)\u00a0\u00a0 \u00a0\u00a0\u00a0 \u00a0\u00a0\u00a0 \u00a0 \u2013 einfache Nachbearbeitung: im Ermessen des Fotografen, Z\u00e4hne aufhellen, grobe Hautunreinheiten entfernen, Aufhellen oder Abdunkeln, Farb und Kontrastanpassung \u00a0\u00a0 \u00a0\u00a0\u00a0 \u00a0\u00a0\u00a0 \u00a0 \u2013 kein MakeUp Service, kein Garderobenservice! \u2013 \u00fcbergebene Bilder d\u00fcrfen nur mit Genehmigung des Fotografen ver\u00f6ffentlicht oder ver\u00e4ndert werden! \u00dcblicherweise werden vom Fotografen Bilder mit dessen Logo f\u00fcr die Verwendung auf Facebook und Co \u00fcbergeben. Hier darf das Logo nicht entfernt werden. Die Preise beziehen sich \u2013 wenn nicht anders vereinbart \u2013 nur auf die \u00dcbergabe der digitalen Bilder! Die Entwicklung Ihrer Bilder ist \u00fcber meinen Partner pictrs.com ebenfalls m\u00f6glich. Die Kosten sind abh\u00e4ngig vom Angebot f\u00fcr meine Dienstleistung. Bitte beachten Sie meine Einschr\u00e4nkungen, g\u00fcltig seit 01.09.2016. Danke.<\/p>\n","protected":false},"author":1,"featured_media":0,"parent":0,"menu_order":0,"comment_status":"closed","ping_status":"open","template":"","meta":{"footnotes":""},"class_list":["post-299","page","type-page","status-publish","hentry"],"_links":{"self":[{"href":"http:\/\/dirkwachholz.de\/index.php?rest_route=\/wp\/v2\/pages\/299","targetHints":{"allow":["GET"]}}],"collection":[{"href":"http:\/\/dirkwachholz.de\/index.php?rest_route=\/wp\/v2\/pages"}],"about":[{"href":"http:\/\/dirkwachholz.de\/index.php?rest_route=\/wp\/v2\/types\/page"}],"author":[{"embeddable":true,"href":"http:\/\/dirkwachholz.de\/index.php?rest_route=\/wp\/v2\/users\/1"}],"replies":[{"embeddable":true,"href":"http:\/\/dirkwachholz.de\/index.php?rest_route=%2Fwp%2Fv2%2Fcomments&post=299"}],"version-history":[{"count":20,"href":"http:\/\/dirkwachholz.de\/index.php?rest_route=\/wp\/v2\/pages\/299\/revisions"}],"predecessor-version":[{"id":653,"href":"http:\/\/dirkwachholz.de\/index.php?rest_route=\/wp\/v2\/pages\/299\/revisions\/653"}],"wp:attachment":[{"href":"http:\/\/dirkwachholz.de\/index.php?rest_route=%2Fwp%2Fv2%2Fmedia&parent=299"}],"curies":[{"name":"wp","href":"https:\/\/api.w.org\/{rel}","templated":true}]}}