{"id":71,"date":"2015-02-03T01:54:56","date_gmt":"2015-02-02T23:54:56","guid":{"rendered":"http:\/\/dirkwachholz.de\/?page_id=71"},"modified":"2015-02-04T13:22:15","modified_gmt":"2015-02-04T11:22:15","slug":"tfcd-shootings","status":"publish","type":"page","link":"http:\/\/dirkwachholz.de\/?page_id=71","title":{"rendered":"TFCD Shootings"},"content":{"rendered":"<p>Ich biete gerne die M\u00f6glichkeit an, sogenannte TFCD Shootings durchzuf\u00fchren. Daf\u00fcr k\u00f6nnen sich Interessierte (vorzugsweise aus dem Wangerland) bei mir melden. Der Vorgang hat im Grunde den Charme einer Bewerbung. Sie k\u00f6nnen sich beispielsweise mit einem oder mehreren Fotos oder einem Link zB zu Eurem Facebook-Profil bei mir melden. Zudem sollten wir im Vorfeld Ihre W\u00fcnsche an das Shooting besprechen. Ich pr\u00fcfe anschlie\u00dfend, ob wir einen Deal haben. Wenn Sie mir die Genehmigung zur Nutzung der Bilder zB zu Werbezwecken erlauben, bekommen Sie daf\u00fcr von mir eine bestimmte Anzahl Bilder in digitaler Form kostenlos mit entsprechenden Nutzungsrechten \u00fcbergeben. Etwaige Kosten zB f\u00fcr Anfahrt, MakeUp usw. tragt ihr selbst.<\/p>\n<p>Nat\u00fcrlich &#8211; und da sitzt f\u00fcr viele der Knackpunkt &#8211; hat die Sache einen Haken. Das ist kein Pauschalangebot. Ich als Fotograf verspreche mir nat\u00fcrlich auch von einer solchen Aktion, das f\u00fcr mich brauchbare Bilder dabei herumkommen. Sie sollten daher eine gewisse Ausstrahlung besitzen, und bereit sein &#8222;mit der Kamera zu spielen&#8220;. Ein Model m\u00fcssen Sie nicht sein &#8211; keine Panik. Aber eine lockere Einstellung erleichtert das Shooting. Zudem kann ein Shooting trotz lockerer Atmosph\u00e4re gern mal stressig werden. Sie sollten dann trotzdem noch l\u00e4cheln k\u00f6nnen. Wenn Sie Interesse haben &#8211; melden Sie sich bitte gern bei mir.<\/p>\n","protected":false},"excerpt":{"rendered":"<p>Ich biete gerne die M\u00f6glichkeit an, sogenannte TFCD Shootings durchzuf\u00fchren. Daf\u00fcr k\u00f6nnen sich Interessierte (vorzugsweise aus dem Wangerland) bei mir melden. Der Vorgang hat im Grunde den Charme einer Bewerbung. Sie k\u00f6nnen sich beispielsweise mit einem oder mehreren Fotos oder einem Link zB zu Eurem Facebook-Profil bei mir melden. Zudem sollten wir im Vorfeld Ihre W\u00fcnsche an das Shooting besprechen. Ich pr\u00fcfe anschlie\u00dfend, ob wir einen Deal haben. Wenn Sie mir die Genehmigung zur Nutzung der Bilder zB zu Werbezwecken erlauben, bekommen Sie daf\u00fcr von mir eine bestimmte Anzahl Bilder in digitaler Form kostenlos mit entsprechenden Nutzungsrechten \u00fcbergeben. Etwaige Kosten zB f\u00fcr Anfahrt, MakeUp usw. tragt ihr selbst. Nat\u00fcrlich &#8211; und da sitzt f\u00fcr viele der Knackpunkt &#8211; hat die Sache einen Haken. Das ist kein Pauschalangebot. Ich als Fotograf verspreche mir nat\u00fcrlich auch von einer solchen Aktion, das f\u00fcr mich brauchbare Bilder dabei herumkommen. Sie sollten daher eine gewisse Ausstrahlung besitzen, und bereit sein &#8222;mit der Kamera zu spielen&#8220;. Ein Model m\u00fcssen Sie nicht sein &#8211; keine Panik. Aber eine lockere Einstellung erleichtert das Shooting. Zudem kann ein Shooting trotz lockerer Atmosph\u00e4re gern mal stressig werden. Sie sollten dann trotzdem noch l\u00e4cheln k\u00f6nnen. Wenn Sie Interesse haben &#8211; melden Sie sich bitte gern bei mir.<\/p>\n","protected":false},"author":1,"featured_media":0,"parent":23,"menu_order":0,"comment_status":"open","ping_status":"open","template":"","meta":{"footnotes":""},"class_list":["post-71","page","type-page","status-publish","hentry"],"_links":{"self":[{"href":"http:\/\/dirkwachholz.de\/index.php?rest_route=\/wp\/v2\/pages\/71","targetHints":{"allow":["GET"]}}],"collection":[{"href":"http:\/\/dirkwachholz.de\/index.php?rest_route=\/wp\/v2\/pages"}],"about":[{"href":"http:\/\/dirkwachholz.de\/index.php?rest_route=\/wp\/v2\/types\/page"}],"author":[{"embeddable":true,"href":"http:\/\/dirkwachholz.de\/index.php?rest_route=\/wp\/v2\/users\/1"}],"replies":[{"embeddable":true,"href":"http:\/\/dirkwachholz.de\/index.php?rest_route=%2Fwp%2Fv2%2Fcomments&post=71"}],"version-history":[{"count":8,"href":"http:\/\/dirkwachholz.de\/index.php?rest_route=\/wp\/v2\/pages\/71\/revisions"}],"predecessor-version":[{"id":98,"href":"http:\/\/dirkwachholz.de\/index.php?rest_route=\/wp\/v2\/pages\/71\/revisions\/98"}],"up":[{"embeddable":true,"href":"http:\/\/dirkwachholz.de\/index.php?rest_route=\/wp\/v2\/pages\/23"}],"wp:attachment":[{"href":"http:\/\/dirkwachholz.de\/index.php?rest_route=%2Fwp%2Fv2%2Fmedia&parent=71"}],"curies":[{"name":"wp","href":"https:\/\/api.w.org\/{rel}","templated":true}]}}