{"id":727,"date":"2021-09-19T14:41:49","date_gmt":"2021-09-19T12:41:49","guid":{"rendered":"http:\/\/dirkwachholz.de\/?page_id=727"},"modified":"2022-01-08T23:29:13","modified_gmt":"2022-01-08T21:29:13","slug":"bilder-erhalten-probleme","status":"publish","type":"page","link":"http:\/\/dirkwachholz.de\/?page_id=727","title":{"rendered":"Bilder erhalten (Probleme)"},"content":{"rendered":"\n<p>Ich erhalte immer mal wieder (leider oft auch \u00fcber Umwege) Hinweise auf Schwierigkeiten beim Abruf von Bildern, die letztlich f\u00fcr Sie als Kunden im schlimmsten Fall dazu f\u00fchren k\u00f6nnen, das Sie unn\u00f6tig lange auf Ihre Bilder warten. Am Ende stellt sich neben kleinen technischen Probleme oft die Kommunikation als Problem heraus.<\/p>\n\n\n\n<p>Daher m\u00f6chte ich an dieser Stelle eine allgemeine Bitte unbedingt ausdr\u00fccklich betonen: auch wenn EMails und Whatsapps ein einfaches und auch von mir gern verwendetes Kommunikationsmittel sind, die generell f\u00fcr alle Beteiligten Alles etwas entspannter machen: <strong><span class=\"has-inline-color has-vivid-red-color\">rufen Sie bitte an<\/span><\/strong>! Wenn es technische Probleme beim Abruf Ihrer Bilder gibt, oder Sie andere Fragen haben &#8211; \u00fcben Sie ruhig Druck auf mich aus. EMails werden vielleicht mal \u00fcbersehen oder landen im SPAM Filter, Chats gehen vielleicht in der Masse unter oder geraten in Vergessenheit. Greifen Sie daher bitte immer gern zum Telefon!<\/p>\n\n\n\n<p>Ein weiteres Ph\u00e4nomen entsteht konkret durch die Verwendung von Chats &#8211; im speziellen Gruppenchats. Grade bei gr\u00f6\u00dferen Projekten kommt es gern vor, das sich einzelnen Personen stellvertretend f\u00fcr alle um die vorbereitenden Kommunkation mit mir k\u00fcmmern und oft auch dar\u00fcber hinaus. Das erleichtert mir die Arbeit und daf\u00fcr bin ich auch immer mehr als dankbar. Aber auch diese Personen k\u00f6nnen nicht immer wissen, wer noch unzufrieden ist, und es ist auch nicht deren Aufgabe, f\u00fcr Ihre Zufriedenheit zu sorgen. Das ist meine Aufgabe. Im schlimmsten Fall habe ich am Ende wenig bis keine Chance zu erfahren, WELCHER Kunde\/in unzufrieden ist. Aus meiner Sicht habe ich bei Ausbleiben von R\u00fcckfragen eigentlich erstmal nur zwei m\u00f6gliche Annahmen: entweder es ist alles in Ordnung und es wurde bereits bestellt bzw. die Bestellung folgt in K\u00fcrze, oder es besteht kein Interesse.<\/p>\n\n\n\n<p>Daher nochmal: bitte melden SIE sich bei mir, wenn etwas nicht funktioniert oder unklar ist. Gerne grunds\u00e4tzlich per EMail oder Whatsapp. Aber wenn Sie merken, das eine Antwort ausbleibt &#8211; <strong><span class=\"has-inline-color has-vivid-red-color\">ist der Anruf immer die beste Wahl<\/span><\/strong>!<\/p>\n\n\n\n<p>Sie erreichen mich unter 04463808862 oder 01702914353 (unter der Woche vorzugsweise nach 18:00 Uhr, sonst gern am Wochenende).<\/p>\n\n\n\n<p>Vielen Dank.<\/p>\n","protected":false},"excerpt":{"rendered":"<p>Ich erhalte immer mal wieder (leider oft auch \u00fcber Umwege) Hinweise auf Schwierigkeiten beim Abruf von Bildern, die letztlich f\u00fcr Sie als Kunden im schlimmsten Fall dazu f\u00fchren k\u00f6nnen, das Sie unn\u00f6tig lange auf Ihre Bilder warten. Am Ende stellt sich neben kleinen technischen Probleme oft die Kommunikation als Problem heraus. Daher m\u00f6chte ich an dieser Stelle eine allgemeine Bitte unbedingt ausdr\u00fccklich betonen: auch wenn EMails und Whatsapps ein einfaches und auch von mir gern verwendetes Kommunikationsmittel sind, die generell f\u00fcr alle Beteiligten Alles etwas entspannter machen: rufen Sie bitte an! Wenn es technische Probleme beim Abruf Ihrer Bilder gibt, oder Sie andere Fragen haben &#8211; \u00fcben Sie ruhig Druck auf mich aus. EMails werden vielleicht mal \u00fcbersehen oder landen im SPAM Filter, Chats gehen vielleicht in der Masse unter oder geraten in Vergessenheit. Greifen Sie daher bitte immer gern zum Telefon! Ein weiteres Ph\u00e4nomen entsteht konkret durch die Verwendung von Chats &#8211; im speziellen Gruppenchats. Grade bei gr\u00f6\u00dferen Projekten kommt es gern vor, das sich einzelnen Personen stellvertretend f\u00fcr alle um die vorbereitenden Kommunkation mit mir k\u00fcmmern und oft auch dar\u00fcber hinaus. Das erleichtert mir die Arbeit und daf\u00fcr bin ich auch immer mehr als dankbar. Aber auch diese Personen k\u00f6nnen nicht immer wissen, wer noch unzufrieden ist, und es ist auch nicht deren Aufgabe, f\u00fcr Ihre Zufriedenheit zu sorgen. Das ist meine Aufgabe. Im schlimmsten Fall habe ich am Ende wenig bis keine Chance zu erfahren, WELCHER Kunde\/in unzufrieden ist. Aus meiner Sicht habe ich bei Ausbleiben von R\u00fcckfragen eigentlich erstmal nur zwei m\u00f6gliche Annahmen: entweder es ist alles in Ordnung und es wurde bereits bestellt bzw. die Bestellung folgt in K\u00fcrze, oder es besteht kein Interesse. Daher nochmal: bitte melden SIE sich bei mir, wenn etwas nicht funktioniert oder unklar ist. Gerne grunds\u00e4tzlich per EMail oder Whatsapp. Aber wenn Sie merken, das eine Antwort ausbleibt &#8211; ist der Anruf immer die beste Wahl! Sie erreichen mich unter 04463808862 oder 01702914353 (unter der Woche vorzugsweise nach 18:00 Uhr, sonst gern am Wochenende). Vielen Dank.<\/p>\n","protected":false},"author":1,"featured_media":0,"parent":0,"menu_order":0,"comment_status":"closed","ping_status":"closed","template":"","meta":{"footnotes":""},"class_list":["post-727","page","type-page","status-publish","hentry"],"_links":{"self":[{"href":"http:\/\/dirkwachholz.de\/index.php?rest_route=\/wp\/v2\/pages\/727","targetHints":{"allow":["GET"]}}],"collection":[{"href":"http:\/\/dirkwachholz.de\/index.php?rest_route=\/wp\/v2\/pages"}],"about":[{"href":"http:\/\/dirkwachholz.de\/index.php?rest_route=\/wp\/v2\/types\/page"}],"author":[{"embeddable":true,"href":"http:\/\/dirkwachholz.de\/index.php?rest_route=\/wp\/v2\/users\/1"}],"replies":[{"embeddable":true,"href":"http:\/\/dirkwachholz.de\/index.php?rest_route=%2Fwp%2Fv2%2Fcomments&post=727"}],"version-history":[{"count":8,"href":"http:\/\/dirkwachholz.de\/index.php?rest_route=\/wp\/v2\/pages\/727\/revisions"}],"predecessor-version":[{"id":753,"href":"http:\/\/dirkwachholz.de\/index.php?rest_route=\/wp\/v2\/pages\/727\/revisions\/753"}],"wp:attachment":[{"href":"http:\/\/dirkwachholz.de\/index.php?rest_route=%2Fwp%2Fv2%2Fmedia&parent=727"}],"curies":[{"name":"wp","href":"https:\/\/api.w.org\/{rel}","templated":true}]}}