{"id":743,"date":"2022-01-08T23:17:21","date_gmt":"2022-01-08T21:17:21","guid":{"rendered":"http:\/\/dirkwachholz.de\/?page_id=743"},"modified":"2023-08-09T08:35:42","modified_gmt":"2023-08-09T06:35:42","slug":"einschraenkungen-durch-nebenerwerb","status":"publish","type":"page","link":"http:\/\/dirkwachholz.de\/?page_id=743","title":{"rendered":"Einschr\u00e4nkungen"},"content":{"rendered":"\n<p>Sehr geehrter Besucher, sehr geehrte Kunden,<\/p>\n\n\n\n<p>ich versuche in Gespr\u00e4chen, beim Support oder vor Ort beim Shooting &#8211; eigentlich gern so oft wie m\u00f6glich auf den Umstand hinzuweisen, das ich die EDV Dienstleistung und die Fotografie <strong>als Nebenerwerb betreibe<\/strong>. Neben meinem normalen Job im Angestelltenverh\u00e4ltnis, dem ich mich zu 100% verpflichtet f\u00fchle, und der immer und ausnahmlos Vorrang vor meinem Nebenerwerb hat.<\/p>\n\n\n\n<p>Dieser Umstand jedoch f\u00fchrt zu klaren Einschr\u00e4nkungen, aus denen ich kein Geheimnis mache. Da ich im Angestelltenverh\u00e4ltnis bereits regelm\u00e4\u00dfig auf meine 40-Stunden-Woche komme, und mich zusammen mit den Stunden aus meinem Nebenerwerb an geltende Vorgaben halten muss, stehen mir f\u00fcr mein Nebengewerbe w\u00f6chentlich nur wenige Stunden zur Verf\u00fcgung. Selbst wenn ich wollte, sind das klar gestreckte Grenzen. Oder in anderen Worten: ich habe nicht die M\u00f6glichkeit Ihnen die gleiche Servicequalit\u00e4t und Verf\u00fcgbarkeit anzubieten, wie es EDV Dienstleister und Fotografen tun k\u00f6nnen, die diese T\u00e4tigkeit in Vollzeit aus\u00fcben. Daher bin ich Ihnen auch nicht b\u00f6se, wenn Sie sich eben an diese wenden.<\/p>\n\n\n\n<p>Ich nehme grunds\u00e4tzlich keine Auftr\u00e4ge an, die mein Spektrum zeitlich klar sprengen. Dazu z\u00e4hlen jedwede Servicevertr\u00e4ge oder Erreichbarkeits\/Abrufzusagen. Ebenfalls schlie\u00dfe ich prinzipiell den Support von Webauftritten und von EDV Umgebungen in gr\u00f6\u00dferen Unternehmen aus, und unterst\u00fctze nur private Haushalte bzw. Kleinunternehmer. Auch die l\u00fcckenlose Unterst\u00fctzung, Pr\u00fcfung und Umsetzung DSGVO konformer L\u00f6sungen sind mir zum Teil nicht m\u00f6glich. Daher lehne ich auch hier entsprechende Auftr\u00e4ge ab. Ich kann hier bestenfalls Anreize und Hinweise geben. Bitte wenden Sie sich zu diesen Themen an geeignete Anbieter.<\/p>\n\n\n\n<p>Bitte haben Sie f\u00fcr diesen Umstand Verst\u00e4ndnis und wenden sich bitte gern an meine Mitbewerber.<\/p>\n\n\n\n<p>Vielen Dank.<\/p>\n","protected":false},"excerpt":{"rendered":"<p>Sehr geehrter Besucher, sehr geehrte Kunden, ich versuche in Gespr\u00e4chen, beim Support oder vor Ort beim Shooting &#8211; eigentlich gern so oft wie m\u00f6glich auf den Umstand hinzuweisen, das ich die EDV Dienstleistung und die Fotografie als Nebenerwerb betreibe. Neben meinem normalen Job im Angestelltenverh\u00e4ltnis, dem ich mich zu 100% verpflichtet f\u00fchle, und der immer und ausnahmlos Vorrang vor meinem Nebenerwerb hat. Dieser Umstand jedoch f\u00fchrt zu klaren Einschr\u00e4nkungen, aus denen ich kein Geheimnis mache. Da ich im Angestelltenverh\u00e4ltnis bereits regelm\u00e4\u00dfig auf meine 40-Stunden-Woche komme, und mich zusammen mit den Stunden aus meinem Nebenerwerb an geltende Vorgaben halten muss, stehen mir f\u00fcr mein Nebengewerbe w\u00f6chentlich nur wenige Stunden zur Verf\u00fcgung. Selbst wenn ich wollte, sind das klar gestreckte Grenzen. Oder in anderen Worten: ich habe nicht die M\u00f6glichkeit Ihnen die gleiche Servicequalit\u00e4t und Verf\u00fcgbarkeit anzubieten, wie es EDV Dienstleister und Fotografen tun k\u00f6nnen, die diese T\u00e4tigkeit in Vollzeit aus\u00fcben. Daher bin ich Ihnen auch nicht b\u00f6se, wenn Sie sich eben an diese wenden. Ich nehme grunds\u00e4tzlich keine Auftr\u00e4ge an, die mein Spektrum zeitlich klar sprengen. Dazu z\u00e4hlen jedwede Servicevertr\u00e4ge oder Erreichbarkeits\/Abrufzusagen. Ebenfalls schlie\u00dfe ich prinzipiell den Support von Webauftritten und von EDV Umgebungen in gr\u00f6\u00dferen Unternehmen aus, und unterst\u00fctze nur private Haushalte bzw. Kleinunternehmer. Auch die l\u00fcckenlose Unterst\u00fctzung, Pr\u00fcfung und Umsetzung DSGVO konformer L\u00f6sungen sind mir zum Teil nicht m\u00f6glich. Daher lehne ich auch hier entsprechende Auftr\u00e4ge ab. Ich kann hier bestenfalls Anreize und Hinweise geben. Bitte wenden Sie sich zu diesen Themen an geeignete Anbieter. Bitte haben Sie f\u00fcr diesen Umstand Verst\u00e4ndnis und wenden sich bitte gern an meine Mitbewerber. Vielen Dank.<\/p>\n","protected":false},"author":1,"featured_media":0,"parent":0,"menu_order":0,"comment_status":"closed","ping_status":"closed","template":"","meta":{"footnotes":""},"class_list":["post-743","page","type-page","status-publish","hentry"],"_links":{"self":[{"href":"http:\/\/dirkwachholz.de\/index.php?rest_route=\/wp\/v2\/pages\/743","targetHints":{"allow":["GET"]}}],"collection":[{"href":"http:\/\/dirkwachholz.de\/index.php?rest_route=\/wp\/v2\/pages"}],"about":[{"href":"http:\/\/dirkwachholz.de\/index.php?rest_route=\/wp\/v2\/types\/page"}],"author":[{"embeddable":true,"href":"http:\/\/dirkwachholz.de\/index.php?rest_route=\/wp\/v2\/users\/1"}],"replies":[{"embeddable":true,"href":"http:\/\/dirkwachholz.de\/index.php?rest_route=%2Fwp%2Fv2%2Fcomments&post=743"}],"version-history":[{"count":9,"href":"http:\/\/dirkwachholz.de\/index.php?rest_route=\/wp\/v2\/pages\/743\/revisions"}],"predecessor-version":[{"id":775,"href":"http:\/\/dirkwachholz.de\/index.php?rest_route=\/wp\/v2\/pages\/743\/revisions\/775"}],"wp:attachment":[{"href":"http:\/\/dirkwachholz.de\/index.php?rest_route=%2Fwp%2Fv2%2Fmedia&parent=743"}],"curies":[{"name":"wp","href":"https:\/\/api.w.org\/{rel}","templated":true}]}}