{"id":90,"date":"2015-02-04T13:13:26","date_gmt":"2015-02-04T11:13:26","guid":{"rendered":"http:\/\/dirkwachholz.de\/?page_id=90"},"modified":"2017-10-29T21:19:06","modified_gmt":"2017-10-29T19:19:06","slug":"auftragsarbeiten","status":"publish","type":"page","link":"https:\/\/dirkwachholz.de\/?page_id=90","title":{"rendered":"Auftragsarbeiten"},"content":{"rendered":"<p>Planen Sie demn\u00e4chst eine gr\u00f6\u00dfere Party, und Sie m\u00f6chten nicht selbst die ganze Zeit hinter der Kamera stehen? Werden Sie heiraten, und suchen noch nach einem Fotografen? Brauchen Sie vielleicht ein paar aktualisierte Bilder Ihrer Mitarbeiter f\u00fcr Ihren Internetauftritt? Ich stehen Ihnen gerne im Rahmen meiner M\u00f6glichkeiten mit Rat und Tat zur Seite. Kontaktieren Sie mich, und\/oder wir vereinbaren einen Termin, in welchem wir die Umsetzung Ihrer W\u00fcnsche besprechen k\u00f6nnen. Gerne erstelle ich Ihnen auch ein individuelles Angebot.<\/p>\n<p>Allerdings will ich so fair sein, und auch an dieser Stelle erneut auf <a href=\"http:\/\/dirkwachholz.de\/?p=501\"><span style=\"color: #993300;\"><strong>meine Einschr\u00e4nkung<\/strong><\/span><\/a> hinweisen. Ich kann Ihnen meine Dienstleistung als Fotodesigner derzeit (Stand Januar 2015) <span style=\"color: #993300;\"><strong>unter der Woche nur ab fr\u00fchestens 18.00 Uhr sowie an den Wochenenden anbieten<\/strong><\/span>. Sollten Sie also einen Termin im Auge haben, der ausserhalb dieses Bereichs liegen w\u00fcrde &#8211; m\u00fcsste ich Ihre Anfrage m\u00f6glicherweise ablehnen. Aber man kann sicherlich \u00fcber alles zun\u00e4chst reden.<\/p>\n<p>Eine weitere Einschr\u00e4nkung ergibt sich durch den Umfang, in welchem ich meine Dienstleistung anbieten kann. Ich \u00fcbe die <span style=\"color: #993300;\"><strong>Fotografie als Nebengewerbe<\/strong><\/span> aus. Sowohl zeitlich als auch bezogen auf den Leistungsumfang erm\u00f6glicht mir dies viele Dinge nicht, die Ihnen ein etablierter Vollzeitfotograf anbieten kann. Zudem arbeite ich ausnahmslos allein. Um Ihnen ein Beispiel zu nennen, was das f\u00fcr Sie und Ihre Bilder bedeuten k\u00f6nnte: die ersten paar bearbeiteten Bilder erhalten Sie \u00fcblicherweise innerhalb weniger Tage. Zudem haben Sie die M\u00f6glichkeit, Ihre Lieblingsbilder in einer OnlineGalerie selbst auszuw\u00e4hlen. Meist bekommen Sie dann auch schon Zugriff auf halbaufgel\u00f6ste Versionen Ihrer Bilder. Auch das passiert normalerweise in den ersten paar Tagen. Bis Sie aber alle Bilder in vollaufgel\u00f6ster Gr\u00f6\u00dfe bei sich zu Hause haben, kann es je nach Umfang und besprochener Leistung einige Wochen dauern.<\/p>\n<p>Kontaktieren Sie mich bitte gern, um Ihren Wunsch zu besprechen.<\/p>\n<p>Filmaufnahmen (Stand August 2015) biete ich derzeit nicht an.<\/p>\n","protected":false},"excerpt":{"rendered":"<p>Planen Sie demn\u00e4chst eine gr\u00f6\u00dfere Party, und Sie m\u00f6chten nicht selbst die ganze Zeit hinter der Kamera stehen? Werden Sie heiraten, und suchen noch nach einem Fotografen? Brauchen Sie vielleicht ein paar aktualisierte Bilder Ihrer Mitarbeiter f\u00fcr Ihren Internetauftritt? Ich stehen Ihnen gerne im Rahmen meiner M\u00f6glichkeiten mit Rat und Tat zur Seite. Kontaktieren Sie mich, und\/oder wir vereinbaren einen Termin, in welchem wir die Umsetzung Ihrer W\u00fcnsche besprechen k\u00f6nnen. Gerne erstelle ich Ihnen auch ein individuelles Angebot. Allerdings will ich so fair sein, und auch an dieser Stelle erneut auf meine Einschr\u00e4nkung hinweisen. Ich kann Ihnen meine Dienstleistung als Fotodesigner derzeit (Stand Januar 2015) unter der Woche nur ab fr\u00fchestens 18.00 Uhr sowie an den Wochenenden anbieten. Sollten Sie also einen Termin im Auge haben, der ausserhalb dieses Bereichs liegen w\u00fcrde &#8211; m\u00fcsste ich Ihre Anfrage m\u00f6glicherweise ablehnen. Aber man kann sicherlich \u00fcber alles zun\u00e4chst reden. Eine weitere Einschr\u00e4nkung ergibt sich durch den Umfang, in welchem ich meine Dienstleistung anbieten kann. Ich \u00fcbe die Fotografie als Nebengewerbe aus. Sowohl zeitlich als auch bezogen auf den Leistungsumfang erm\u00f6glicht mir dies viele Dinge nicht, die Ihnen ein etablierter Vollzeitfotograf anbieten kann. Zudem arbeite ich ausnahmslos allein. Um Ihnen ein Beispiel zu nennen, was das f\u00fcr Sie und Ihre Bilder bedeuten k\u00f6nnte: die ersten paar bearbeiteten Bilder erhalten Sie \u00fcblicherweise innerhalb weniger Tage. Zudem haben Sie die M\u00f6glichkeit, Ihre Lieblingsbilder in einer OnlineGalerie selbst auszuw\u00e4hlen. Meist bekommen Sie dann auch schon Zugriff auf halbaufgel\u00f6ste Versionen Ihrer Bilder. Auch das passiert normalerweise in den ersten paar Tagen. Bis Sie aber alle Bilder in vollaufgel\u00f6ster Gr\u00f6\u00dfe bei sich zu Hause haben, kann es je nach Umfang und besprochener Leistung einige Wochen dauern. Kontaktieren Sie mich bitte gern, um Ihren Wunsch zu besprechen. Filmaufnahmen (Stand August 2015) biete ich derzeit nicht an.<\/p>\n","protected":false},"author":1,"featured_media":0,"parent":0,"menu_order":0,"comment_status":"open","ping_status":"open","template":"","meta":{"footnotes":""},"class_list":["post-90","page","type-page","status-publish","hentry"],"_links":{"self":[{"href":"https:\/\/dirkwachholz.de\/index.php?rest_route=\/wp\/v2\/pages\/90","targetHints":{"allow":["GET"]}}],"collection":[{"href":"https:\/\/dirkwachholz.de\/index.php?rest_route=\/wp\/v2\/pages"}],"about":[{"href":"https:\/\/dirkwachholz.de\/index.php?rest_route=\/wp\/v2\/types\/page"}],"author":[{"embeddable":true,"href":"https:\/\/dirkwachholz.de\/index.php?rest_route=\/wp\/v2\/users\/1"}],"replies":[{"embeddable":true,"href":"https:\/\/dirkwachholz.de\/index.php?rest_route=%2Fwp%2Fv2%2Fcomments&post=90"}],"version-history":[{"count":9,"href":"https:\/\/dirkwachholz.de\/index.php?rest_route=\/wp\/v2\/pages\/90\/revisions"}],"predecessor-version":[{"id":605,"href":"https:\/\/dirkwachholz.de\/index.php?rest_route=\/wp\/v2\/pages\/90\/revisions\/605"}],"wp:attachment":[{"href":"https:\/\/dirkwachholz.de\/index.php?rest_route=%2Fwp%2Fv2%2Fmedia&parent=90"}],"curies":[{"name":"wp","href":"https:\/\/api.w.org\/{rel}","templated":true}]}}